{"id":15,"date":"2017-10-24T12:21:03","date_gmt":"2017-10-24T10:21:03","guid":{"rendered":"https:\/\/www.teatar.hr\/shop\/?post_type=product&#038;p=15"},"modified":"2018-08-04T15:35:32","modified_gmt":"2018-08-04T13:35:32","slug":"kvartalna-pretplata-na-teatar-hr","status":"publish","type":"product","link":"https:\/\/www.teatar.hr\/shop\/proizvod\/kvartalna-pretplata-na-teatar-hr\/","title":{"rendered":"Kvartalna pretplata na Teatar.hr"},"content":{"rendered":"","protected":false},"excerpt":{"rendered":"<p>Pristup svim sadr\u017eajima na 3 mjeseca.<\/p>\n<p>Odnosi se na razdoblje\u00a0od 90 dana\u00a0od aktivacije, a ne na kalendarske mjesece.<\/p>\n<p>Ukoliko nam po\u0161aljite potvrdu o uplati, usluga \u0107e biti uklju\u010dena odmah.<br \/>\nU suprotnom aktiviramo je nakon \u0161to uplata bude vidljiva na na\u0161em bankovnom izvodu.<\/p>\n","protected":false},"featured_media":16,"template":"","meta":{"_acf_changed":false},"product_brand":[],"product_cat":[17],"product_tag":[],"class_list":{"0":"post-15","1":"product","2":"type-product","3":"status-publish","4":"has-post-thumbnail","6":"product_cat-pretplate","8":"first","9":"instock","10":"virtual","11":"purchasable","12":"product-type-simple"},"acf":[],"yoast_head":"<!-- This site is optimized with the Yoast SEO plugin v27.5 - https:\/\/yoast.com\/product\/yoast-seo-wordpress\/ -->\n<title>Kvartalna pretplata na Teatar.hr | Teatar.hr Shop<\/title>\n<meta name=\"description\" content=\"Pristup svim Teatar.hr sadr\u017eajima na 90 dana\" \/>\n<meta name=\"robots\" content=\"index, follow, max-snippet:-1, max-image-preview:large, max-video-preview:-1\" \/>\n<link rel=\"canonical\" href=\"https:\/\/www.teatar.hr\/shop\/proizvod\/kvartalna-pretplata-na-teatar-hr\/\" \/>\n<meta property=\"og:locale\" content=\"hr_HR\" \/>\n<meta property=\"og:type\" content=\"article\" \/>\n<meta property=\"og:title\" content=\"Kvartalna pretplata na Teatar.hr | Teatar.hr Shop\" \/>\n<meta property=\"og:description\" content=\"Pristup svim Teatar.hr sadr\u017eajima na 90 dana\" \/>\n<meta property=\"og:url\" content=\"https:\/\/www.teatar.hr\/shop\/proizvod\/kvartalna-pretplata-na-teatar-hr\/\" \/>\n<meta property=\"og:site_name\" content=\"Teatar.hr Shop\" \/>\n<meta property=\"article:modified_time\" content=\"2018-08-04T13:35:32+00:00\" \/>\n<meta property=\"og:image\" content=\"https:\/\/www.teatar.hr\/shop\/files\/2017\/10\/90.png\" \/>\n\t<meta property=\"og:image:width\" content=\"512\" \/>\n\t<meta property=\"og:image:height\" content=\"512\" \/>\n\t<meta property=\"og:image:type\" content=\"image\/png\" \/>\n<meta name=\"twitter:card\" content=\"summary_large_image\" \/>\n<script type=\"application\/ld+json\" class=\"yoast-schema-graph\">{\"@context\":\"https:\\\/\\\/schema.org\",\"@graph\":[{\"@type\":\"WebPage\",\"@id\":\"https:\\\/\\\/www.teatar.hr\\\/shop\\\/proizvod\\\/kvartalna-pretplata-na-teatar-hr\\\/\",\"url\":\"https:\\\/\\\/www.teatar.hr\\\/shop\\\/proizvod\\\/kvartalna-pretplata-na-teatar-hr\\\/\",\"name\":\"Kvartalna pretplata na Teatar.hr | Teatar.hr Shop\",\"isPartOf\":{\"@id\":\"https:\\\/\\\/www.teatar.hr\\\/shop\\\/#website\"},\"primaryImageOfPage\":{\"@id\":\"https:\\\/\\\/www.teatar.hr\\\/shop\\\/proizvod\\\/kvartalna-pretplata-na-teatar-hr\\\/#primaryimage\"},\"image\":{\"@id\":\"https:\\\/\\\/www.teatar.hr\\\/shop\\\/proizvod\\\/kvartalna-pretplata-na-teatar-hr\\\/#primaryimage\"},\"thumbnailUrl\":\"https:\\\/\\\/www.teatar.hr\\\/shop\\\/files\\\/2017\\\/10\\\/90.png\",\"datePublished\":\"2017-10-24T10:21:03+00:00\",\"dateModified\":\"2018-08-04T13:35:32+00:00\",\"description\":\"Pristup svim Teatar.hr sadr\u017eajima na 90 dana\",\"breadcrumb\":{\"@id\":\"https:\\\/\\\/www.teatar.hr\\\/shop\\\/proizvod\\\/kvartalna-pretplata-na-teatar-hr\\\/#breadcrumb\"},\"inLanguage\":\"hr\",\"potentialAction\":[{\"@type\":\"ReadAction\",\"target\":[\"https:\\\/\\\/www.teatar.hr\\\/shop\\\/proizvod\\\/kvartalna-pretplata-na-teatar-hr\\\/\"]}]},{\"@type\":\"ImageObject\",\"inLanguage\":\"hr\",\"@id\":\"https:\\\/\\\/www.teatar.hr\\\/shop\\\/proizvod\\\/kvartalna-pretplata-na-teatar-hr\\\/#primaryimage\",\"url\":\"https:\\\/\\\/www.teatar.hr\\\/shop\\\/files\\\/2017\\\/10\\\/90.png\",\"contentUrl\":\"https:\\\/\\\/www.teatar.hr\\\/shop\\\/files\\\/2017\\\/10\\\/90.png\",\"width\":512,\"height\":512},{\"@type\":\"BreadcrumbList\",\"@id\":\"https:\\\/\\\/www.teatar.hr\\\/shop\\\/proizvod\\\/kvartalna-pretplata-na-teatar-hr\\\/#breadcrumb\",\"itemListElement\":[{\"@type\":\"ListItem\",\"position\":1,\"name\":\"Shop\",\"item\":\"https:\\\/\\\/www.teatar.hr\\\/shop\\\/\"},{\"@type\":\"ListItem\",\"position\":2,\"name\":\"Kvartalna pretplata na Teatar.hr\"}]},{\"@type\":\"WebSite\",\"@id\":\"https:\\\/\\\/www.teatar.hr\\\/shop\\\/#website\",\"url\":\"https:\\\/\\\/www.teatar.hr\\\/shop\\\/\",\"name\":\"Teatar.hr Shop\",\"description\":\"\",\"publisher\":{\"@id\":\"https:\\\/\\\/www.teatar.hr\\\/shop\\\/#organization\"},\"potentialAction\":[{\"@type\":\"SearchAction\",\"target\":{\"@type\":\"EntryPoint\",\"urlTemplate\":\"https:\\\/\\\/www.teatar.hr\\\/shop\\\/?s={search_term_string}\"},\"query-input\":{\"@type\":\"PropertyValueSpecification\",\"valueRequired\":true,\"valueName\":\"search_term_string\"}}],\"inLanguage\":\"hr\"},{\"@type\":\"Organization\",\"@id\":\"https:\\\/\\\/www.teatar.hr\\\/shop\\\/#organization\",\"name\":\"Teatar.hr\",\"url\":\"https:\\\/\\\/www.teatar.hr\\\/shop\\\/\",\"logo\":{\"@type\":\"ImageObject\",\"inLanguage\":\"hr\",\"@id\":\"https:\\\/\\\/www.teatar.hr\\\/shop\\\/#\\\/schema\\\/logo\\\/image\\\/\",\"url\":\"https:\\\/\\\/www.teatar.hr\\\/shop\\\/files\\\/teatar.png\",\"contentUrl\":\"https:\\\/\\\/www.teatar.hr\\\/shop\\\/files\\\/teatar.png\",\"width\":209,\"height\":74,\"caption\":\"Teatar.hr\"},\"image\":{\"@id\":\"https:\\\/\\\/www.teatar.hr\\\/shop\\\/#\\\/schema\\\/logo\\\/image\\\/\"}}]}<\/script>\n<!-- \/ Yoast SEO plugin. -->","yoast_head_json":{"title":"Kvartalna pretplata na Teatar.hr | Teatar.hr Shop","description":"Pristup svim Teatar.hr sadr\u017eajima na 90 dana","robots":{"index":"index","follow":"follow","max-snippet":"max-snippet:-1","max-image-preview":"max-image-preview:large","max-video-preview":"max-video-preview:-1"},"canonical":"https:\/\/www.teatar.hr\/shop\/proizvod\/kvartalna-pretplata-na-teatar-hr\/","og_locale":"hr_HR","og_type":"article","og_title":"Kvartalna pretplata na Teatar.hr | Teatar.hr Shop","og_description":"Pristup svim Teatar.hr sadr\u017eajima na 90 dana","og_url":"https:\/\/www.teatar.hr\/shop\/proizvod\/kvartalna-pretplata-na-teatar-hr\/","og_site_name":"Teatar.hr Shop","article_modified_time":"2018-08-04T13:35:32+00:00","og_image":[{"width":512,"height":512,"url":"https:\/\/www.teatar.hr\/shop\/files\/2017\/10\/90.png","type":"image\/png"}],"twitter_card":"summary_large_image","schema":{"@context":"https:\/\/schema.org","@graph":[{"@type":"WebPage","@id":"https:\/\/www.teatar.hr\/shop\/proizvod\/kvartalna-pretplata-na-teatar-hr\/","url":"https:\/\/www.teatar.hr\/shop\/proizvod\/kvartalna-pretplata-na-teatar-hr\/","name":"Kvartalna pretplata na Teatar.hr | Teatar.hr Shop","isPartOf":{"@id":"https:\/\/www.teatar.hr\/shop\/#website"},"primaryImageOfPage":{"@id":"https:\/\/www.teatar.hr\/shop\/proizvod\/kvartalna-pretplata-na-teatar-hr\/#primaryimage"},"image":{"@id":"https:\/\/www.teatar.hr\/shop\/proizvod\/kvartalna-pretplata-na-teatar-hr\/#primaryimage"},"thumbnailUrl":"https:\/\/www.teatar.hr\/shop\/files\/2017\/10\/90.png","datePublished":"2017-10-24T10:21:03+00:00","dateModified":"2018-08-04T13:35:32+00:00","description":"Pristup svim Teatar.hr sadr\u017eajima na 90 dana","breadcrumb":{"@id":"https:\/\/www.teatar.hr\/shop\/proizvod\/kvartalna-pretplata-na-teatar-hr\/#breadcrumb"},"inLanguage":"hr","potentialAction":[{"@type":"ReadAction","target":["https:\/\/www.teatar.hr\/shop\/proizvod\/kvartalna-pretplata-na-teatar-hr\/"]}]},{"@type":"ImageObject","inLanguage":"hr","@id":"https:\/\/www.teatar.hr\/shop\/proizvod\/kvartalna-pretplata-na-teatar-hr\/#primaryimage","url":"https:\/\/www.teatar.hr\/shop\/files\/2017\/10\/90.png","contentUrl":"https:\/\/www.teatar.hr\/shop\/files\/2017\/10\/90.png","width":512,"height":512},{"@type":"BreadcrumbList","@id":"https:\/\/www.teatar.hr\/shop\/proizvod\/kvartalna-pretplata-na-teatar-hr\/#breadcrumb","itemListElement":[{"@type":"ListItem","position":1,"name":"Shop","item":"https:\/\/www.teatar.hr\/shop\/"},{"@type":"ListItem","position":2,"name":"Kvartalna pretplata na Teatar.hr"}]},{"@type":"WebSite","@id":"https:\/\/www.teatar.hr\/shop\/#website","url":"https:\/\/www.teatar.hr\/shop\/","name":"Teatar.hr Shop","description":"","publisher":{"@id":"https:\/\/www.teatar.hr\/shop\/#organization"},"potentialAction":[{"@type":"SearchAction","target":{"@type":"EntryPoint","urlTemplate":"https:\/\/www.teatar.hr\/shop\/?s={search_term_string}"},"query-input":{"@type":"PropertyValueSpecification","valueRequired":true,"valueName":"search_term_string"}}],"inLanguage":"hr"},{"@type":"Organization","@id":"https:\/\/www.teatar.hr\/shop\/#organization","name":"Teatar.hr","url":"https:\/\/www.teatar.hr\/shop\/","logo":{"@type":"ImageObject","inLanguage":"hr","@id":"https:\/\/www.teatar.hr\/shop\/#\/schema\/logo\/image\/","url":"https:\/\/www.teatar.hr\/shop\/files\/teatar.png","contentUrl":"https:\/\/www.teatar.hr\/shop\/files\/teatar.png","width":209,"height":74,"caption":"Teatar.hr"},"image":{"@id":"https:\/\/www.teatar.hr\/shop\/#\/schema\/logo\/image\/"}}]}},"_links":{"self":[{"href":"https:\/\/www.teatar.hr\/shop\/wp-json\/wp\/v2\/product\/15","targetHints":{"allow":["GET"]}}],"collection":[{"href":"https:\/\/www.teatar.hr\/shop\/wp-json\/wp\/v2\/product"}],"about":[{"href":"https:\/\/www.teatar.hr\/shop\/wp-json\/wp\/v2\/types\/product"}],"wp:featuredmedia":[{"embeddable":true,"href":"https:\/\/www.teatar.hr\/shop\/wp-json\/wp\/v2\/media\/16"}],"wp:attachment":[{"href":"https:\/\/www.teatar.hr\/shop\/wp-json\/wp\/v2\/media?parent=15"}],"wp:term":[{"taxonomy":"product_brand","embeddable":true,"href":"https:\/\/www.teatar.hr\/shop\/wp-json\/wp\/v2\/product_brand?post=15"},{"taxonomy":"product_cat","embeddable":true,"href":"https:\/\/www.teatar.hr\/shop\/wp-json\/wp\/v2\/product_cat?post=15"},{"taxonomy":"product_tag","embeddable":true,"href":"https:\/\/www.teatar.hr\/shop\/wp-json\/wp\/v2\/product_tag?post=15"}],"curies":[{"name":"wp","href":"https:\/\/api.w.org\/{rel}","templated":true}]}}